{"id":7131,"date":"2025-03-13T12:10:34","date_gmt":"2025-03-13T12:10:34","guid":{"rendered":"https:\/\/eplcparis.com\/?post_type=product&#038;p=7131"},"modified":"2026-03-20T19:55:34","modified_gmt":"2026-03-20T19:55:34","slug":"collier-echo","status":"publish","type":"product","link":"https:\/\/eplcparis.com\/en\/product\/collier-echo\/","title":{"rendered":"ECHO Necklace"},"content":{"rendered":"<p>A necklace <strong>of bold elegance,<\/strong> audacieux et \u00e9l\u00e9gant, o\u00f9 l\u2019accumulation devient un art.<\/p>\n<p>Six rang\u00e9es de <strong>Six rows of gold-plated chains<\/strong> s\u2019entrelacent pour cr\u00e9er un style affirm\u00e9 et raffin\u00e9.<\/p>\n<p>Parce que l\u2019exc\u00e8s, lorsqu\u2019il est ma\u00eetris\u00e9, devient la quintessence de la sophistication. <strong>Dare to layer<\/strong> \u2014 be the embodiment of timeless audacity.<\/p>","protected":false},"excerpt":{"rendered":"<p>Un collier d\u2019audace et d\u2019\u00e9l\u00e9gance, o\u00f9 l\u2019accumulation devient un art. Six rang\u00e9es de cha\u00eenes plaqu\u00e9 or s\u2019entrelacent pour cr\u00e9er un style affirm\u00e9 et raffin\u00e9. Parce que l\u2019exc\u00e8s, lorsqu\u2019il est ma\u00eetris\u00e9, devient la quintessence de la sophistication. Osez la superposition \u2014 soyez l\u2019incarnation de l\u2019audace intemporelle.<\/p>","protected":false},"featured_media":7139,"comment_status":"open","ping_status":"closed","template":"","meta":{"_acf_changed":false,"_mo_disable_npp":"","_kad_post_transparent":"default","_kad_post_title":"","_kad_post_layout":"default","_kad_post_sidebar_id":"","_kad_post_content_style":"default","_kad_post_vertical_padding":"default","_kad_post_feature":"","_kad_post_feature_position":"","_kad_post_header":false,"_kad_post_footer":false},"product_brand":[],"product_cat":[60,23],"product_tag":[53],"class_list":{"0":"post-7131","1":"product","2":"type-product","3":"status-publish","4":"has-post-thumbnail","6":"product_cat-collection-versus","7":"product_cat-colliers","8":"product_tag-collier","10":"first","11":"instock","12":"shipping-taxable","13":"purchasable","14":"product-type-simple","15":"entry","16":"content-bg","17":"loop-entry"},"acf":[],"_links":{"self":[{"href":"https:\/\/eplcparis.com\/en\/wp-json\/wp\/v2\/product\/7131","targetHints":{"allow":["GET"]}}],"collection":[{"href":"https:\/\/eplcparis.com\/en\/wp-json\/wp\/v2\/product"}],"about":[{"href":"https:\/\/eplcparis.com\/en\/wp-json\/wp\/v2\/types\/product"}],"replies":[{"embeddable":true,"href":"https:\/\/eplcparis.com\/en\/wp-json\/wp\/v2\/comments?post=7131"}],"wp:featuredmedia":[{"embeddable":true,"href":"https:\/\/eplcparis.com\/en\/wp-json\/wp\/v2\/media\/7139"}],"wp:attachment":[{"href":"https:\/\/eplcparis.com\/en\/wp-json\/wp\/v2\/media?parent=7131"}],"wp:term":[{"taxonomy":"product_brand","embeddable":true,"href":"https:\/\/eplcparis.com\/en\/wp-json\/wp\/v2\/product_brand?post=7131"},{"taxonomy":"product_cat","embeddable":true,"href":"https:\/\/eplcparis.com\/en\/wp-json\/wp\/v2\/product_cat?post=7131"},{"taxonomy":"product_tag","embeddable":true,"href":"https:\/\/eplcparis.com\/en\/wp-json\/wp\/v2\/product_tag?post=7131"}],"curies":[{"name":"wp","href":"https:\/\/api.w.org\/{rel}","templated":true}]}}