{"id":7129,"date":"2025-03-13T12:10:50","date_gmt":"2025-03-13T12:10:50","guid":{"rendered":"https:\/\/eplcparis.com\/?post_type=product&#038;p=7129"},"modified":"2026-03-20T19:55:34","modified_gmt":"2026-03-20T19:55:34","slug":"choker-dice","status":"publish","type":"product","link":"https:\/\/eplcparis.com\/en\/product\/choker-dice\/","title":{"rendered":"DICE Choker"},"content":{"rendered":"<p>Le choker DICE est un collier ras du cou audacieux pour celles qui embrassent le pouvoir de se d\u00e9marquer. Avec une allure royale et une pr\u00e9sence magn\u00e9tique, il c\u00e9l\u00e8bre le courage d\u2019attirer tous les regards. Parce que se montrer, c\u2019est exister.<\/p>\n<p>Ne craignez pas d\u2019\u00eatre vue \u2014 soyez inoubliable.<\/p>","protected":false},"excerpt":{"rendered":"<p>Un choker audacieux pour celles qui embrassent le pouvoir de se d\u00e9marquer. Avec une allure royale et une pr\u00e9sence magn\u00e9tique, il c\u00e9l\u00e8bre le courage d\u2019attirer tous les regards. Parce que se montrer, c\u2019est exister. Ne craignez pas d\u2019\u00eatre vue \u2014 soyez inoubliable.<\/p>","protected":false},"featured_media":7115,"comment_status":"open","ping_status":"closed","template":"","meta":{"_acf_changed":false,"_mo_disable_npp":"","_kad_post_transparent":"default","_kad_post_title":"","_kad_post_layout":"default","_kad_post_sidebar_id":"","_kad_post_content_style":"default","_kad_post_vertical_padding":"default","_kad_post_feature":"","_kad_post_feature_position":"","_kad_post_header":false,"_kad_post_footer":false},"product_brand":[],"product_cat":[23,60],"product_tag":[65,53],"class_list":{"0":"post-7129","1":"product","2":"type-product","3":"status-publish","4":"has-post-thumbnail","6":"product_cat-colliers","7":"product_cat-collection-versus","8":"product_tag-choker","9":"product_tag-collier","11":"first","12":"instock","13":"shipping-taxable","14":"purchasable","15":"product-type-simple","16":"entry","17":"content-bg","18":"loop-entry"},"acf":[],"_links":{"self":[{"href":"https:\/\/eplcparis.com\/en\/wp-json\/wp\/v2\/product\/7129","targetHints":{"allow":["GET"]}}],"collection":[{"href":"https:\/\/eplcparis.com\/en\/wp-json\/wp\/v2\/product"}],"about":[{"href":"https:\/\/eplcparis.com\/en\/wp-json\/wp\/v2\/types\/product"}],"replies":[{"embeddable":true,"href":"https:\/\/eplcparis.com\/en\/wp-json\/wp\/v2\/comments?post=7129"}],"wp:featuredmedia":[{"embeddable":true,"href":"https:\/\/eplcparis.com\/en\/wp-json\/wp\/v2\/media\/7115"}],"wp:attachment":[{"href":"https:\/\/eplcparis.com\/en\/wp-json\/wp\/v2\/media?parent=7129"}],"wp:term":[{"taxonomy":"product_brand","embeddable":true,"href":"https:\/\/eplcparis.com\/en\/wp-json\/wp\/v2\/product_brand?post=7129"},{"taxonomy":"product_cat","embeddable":true,"href":"https:\/\/eplcparis.com\/en\/wp-json\/wp\/v2\/product_cat?post=7129"},{"taxonomy":"product_tag","embeddable":true,"href":"https:\/\/eplcparis.com\/en\/wp-json\/wp\/v2\/product_tag?post=7129"}],"curies":[{"name":"wp","href":"https:\/\/api.w.org\/{rel}","templated":true}]}}