{"id":7111,"date":"2025-02-10T14:11:46","date_gmt":"2025-02-10T14:11:46","guid":{"rendered":"https:\/\/eplcparis.com\/?post_type=product&#038;p=7111"},"modified":"2025-07-17T00:16:23","modified_gmt":"2025-07-17T00:16:23","slug":"bijoulevrerevolt","status":"publish","type":"product","link":"https:\/\/eplcparis.com\/en\/product\/bijoulevrerevolt\/","title":{"rendered":"Lip Ring REVOLT"},"content":{"rendered":"<p>Wearing REVOLT is a way to express your truth with confidence and freedom .\nBecause rebellion should not remain a silent whisper within but a bold, unapologetic voice.<\/p>","protected":false},"excerpt":{"rendered":"<p>Le bijou de l\u00e8vre Revolt s&#8217;adapte \u00e0 toute les l\u00e8vres. En acier inoxydable, il est hypoallerg\u00e9nique et ne risque pas de s&#8217;oxyder au contact de la salive.<\/p>","protected":false},"featured_media":7114,"comment_status":"open","ping_status":"closed","template":"","meta":{"_acf_changed":false,"_mo_disable_npp":"","_kad_post_transparent":"default","_kad_post_title":"","_kad_post_layout":"default","_kad_post_sidebar_id":"","_kad_post_content_style":"default","_kad_post_vertical_padding":"default","_kad_post_feature":"","_kad_post_feature_position":"","_kad_post_header":false,"_kad_post_footer":false},"product_brand":[],"product_cat":[19,60],"product_tag":[66],"class_list":{"0":"post-7111","1":"product","2":"type-product","3":"status-publish","4":"has-post-thumbnail","6":"product_cat-pendentif-bijoux-de-corps","7":"product_cat-collection-versus","8":"product_tag-bijoux","10":"first","11":"instock","12":"shipping-taxable","13":"purchasable","14":"product-type-variable","15":"entry","16":"content-bg","17":"loop-entry"},"acf":[],"_links":{"self":[{"href":"https:\/\/eplcparis.com\/en\/wp-json\/wp\/v2\/product\/7111","targetHints":{"allow":["GET"]}}],"collection":[{"href":"https:\/\/eplcparis.com\/en\/wp-json\/wp\/v2\/product"}],"about":[{"href":"https:\/\/eplcparis.com\/en\/wp-json\/wp\/v2\/types\/product"}],"replies":[{"embeddable":true,"href":"https:\/\/eplcparis.com\/en\/wp-json\/wp\/v2\/comments?post=7111"}],"wp:featuredmedia":[{"embeddable":true,"href":"https:\/\/eplcparis.com\/en\/wp-json\/wp\/v2\/media\/7114"}],"wp:attachment":[{"href":"https:\/\/eplcparis.com\/en\/wp-json\/wp\/v2\/media?parent=7111"}],"wp:term":[{"taxonomy":"product_brand","embeddable":true,"href":"https:\/\/eplcparis.com\/en\/wp-json\/wp\/v2\/product_brand?post=7111"},{"taxonomy":"product_cat","embeddable":true,"href":"https:\/\/eplcparis.com\/en\/wp-json\/wp\/v2\/product_cat?post=7111"},{"taxonomy":"product_tag","embeddable":true,"href":"https:\/\/eplcparis.com\/en\/wp-json\/wp\/v2\/product_tag?post=7111"}],"curies":[{"name":"wp","href":"https:\/\/api.w.org\/{rel}","templated":true}]}}