{"id":3618,"date":"2024-02-09T14:46:14","date_gmt":"2024-02-09T14:46:14","guid":{"rendered":"https:\/\/eplcparis.com\/?post_type=product&#038;p=3618"},"modified":"2025-07-17T00:16:22","modified_gmt":"2025-07-17T00:16:22","slug":"bo-queen","status":"publish","type":"product","link":"https:\/\/eplcparis.com\/en\/product\/bo-queen\/","title":{"rendered":"QUEEN Earrings"},"content":{"rendered":"<p>Bold <strong>statement earrings<\/strong> celebrating the unstoppable power of women. A queen never stands alone \u2014 bound by<strong> sisterhood<\/strong>,<span lang=\"EN-US\">we are an unstoppable force ready to conquer the world. Together, we are fierce, fearless, and endlessly free.<\/span><\/p>\n<p>Their little extra? You can wear them front side with the inscription QUEEN GANG, or back side without inscription. These statement earrings are both <strong>stylish and unique.<\/strong><\/p>","protected":false},"excerpt":{"rendered":"<p style=\"font-weight: 400;\"><strong>With our QUEENY Earrings<\/strong>Add a touch of <strong>rebellious royalty<\/strong> to your style. Their little extra? You can wear them front side with the inscription QUEEN GANG, or tail side without inscription.<\/p>\n<p style=\"font-weight: 400;\">Fabriqu\u00e9es en acier inoxydable de haute qualit\u00e9 et plaqu\u00e9es or avec une finition antique, ces boucles d\u2019oreilles de caract\u00e8re sont \u00e0 la fois <strong>stylish and unique.<\/strong><\/p>\n<p><span style=\"font-weight: 400;\">Pourquoi choisir nos boucles QUEENY\u00a0?<\/span><\/p>\n<p>\u2022\u00a0\u00a0\u00a0\u00a0\u00a0\u00a0\u00a0\u00a0\u00a0\u00a0 <strong>Unique Design:<\/strong> Assert your style with these BOLD earrings<br \/>\n\u2022\u00a0\u00a0\u00a0\u00a0\u00a0\u00a0\u00a0\u00a0\u00a0\u00a0<strong> Superior Quality:<\/strong> Made with quality stainless steel, these earrings are made to last.<br \/>\n\u2022\u00a0\u00a0\u00a0\u00a0\u00a0\u00a0\u00a0\u00a0\u00a0\u00a0 <strong>Versatility:<\/strong> Perfect for an evening with friends or an outing on the town, these earrings clearly elevate your wardrobe<\/p>","protected":false},"featured_media":6490,"comment_status":"open","ping_status":"closed","template":"","meta":{"_acf_changed":false,"_mo_disable_npp":"","_kad_post_transparent":"default","_kad_post_title":"","_kad_post_layout":"default","_kad_post_sidebar_id":"","_kad_post_content_style":"default","_kad_post_vertical_padding":"default","_kad_post_feature":"","_kad_post_feature_position":"","_kad_post_header":false,"_kad_post_footer":false},"product_brand":[],"product_cat":[18,60],"product_tag":[64],"class_list":{"0":"post-3618","1":"product","2":"type-product","3":"status-publish","4":"has-post-thumbnail","6":"product_cat-boucles-doreilles","7":"product_cat-collection-versus","8":"product_tag-boucles","10":"first","11":"instock","12":"shipping-taxable","13":"purchasable","14":"product-type-simple","15":"entry","16":"content-bg","17":"loop-entry"},"acf":[],"_links":{"self":[{"href":"https:\/\/eplcparis.com\/en\/wp-json\/wp\/v2\/product\/3618","targetHints":{"allow":["GET"]}}],"collection":[{"href":"https:\/\/eplcparis.com\/en\/wp-json\/wp\/v2\/product"}],"about":[{"href":"https:\/\/eplcparis.com\/en\/wp-json\/wp\/v2\/types\/product"}],"replies":[{"embeddable":true,"href":"https:\/\/eplcparis.com\/en\/wp-json\/wp\/v2\/comments?post=3618"}],"wp:featuredmedia":[{"embeddable":true,"href":"https:\/\/eplcparis.com\/en\/wp-json\/wp\/v2\/media\/6490"}],"wp:attachment":[{"href":"https:\/\/eplcparis.com\/en\/wp-json\/wp\/v2\/media?parent=3618"}],"wp:term":[{"taxonomy":"product_brand","embeddable":true,"href":"https:\/\/eplcparis.com\/en\/wp-json\/wp\/v2\/product_brand?post=3618"},{"taxonomy":"product_cat","embeddable":true,"href":"https:\/\/eplcparis.com\/en\/wp-json\/wp\/v2\/product_cat?post=3618"},{"taxonomy":"product_tag","embeddable":true,"href":"https:\/\/eplcparis.com\/en\/wp-json\/wp\/v2\/product_tag?post=3618"}],"curies":[{"name":"wp","href":"https:\/\/api.w.org\/{rel}","templated":true}]}}