{"id":3327,"date":"2023-12-10T08:43:56","date_gmt":"2023-12-10T08:43:56","guid":{"rendered":"https:\/\/eplcparis.com\/?post_type=product&#038;p=3327"},"modified":"2024-09-27T16:31:10","modified_gmt":"2024-09-27T16:31:10","slug":"collier-hana","status":"publish","type":"product","link":"https:\/\/eplcparis.com\/en\/product\/collier-hana\/","title":{"rendered":"HANA necklace"},"content":{"rendered":"<p style=\"font-weight: 400;\">Le collier HANA est une cha\u00eene \u00e0 gros maillon cubains, simple \u00e9l\u00e9gant et efficace. Sa pr\u00e9sence attire les regards, que vous le portiez seule pour un impact maximal ou que vous le combiniez avec d\u2019autres colliers pour celles qui aiment le layering.<\/p>","protected":false},"excerpt":{"rendered":"<p>Le collier HANA est une cha\u00eene \u00e0 gros maillon cubains, simple \u00e9l\u00e9gant et efficace. Sa pr\u00e9sence attire les regards, que vous le portiez seule pour un impact maximal ou que vous le combiniez avec d\u2019autres colliers pour celles qui aiment le layering.<\/p>","protected":false},"featured_media":6112,"comment_status":"open","ping_status":"closed","template":"","meta":{"_acf_changed":false,"_mo_disable_npp":"","_kad_post_transparent":"default","_kad_post_title":"","_kad_post_layout":"default","_kad_post_sidebar_id":"","_kad_post_content_style":"default","_kad_post_vertical_padding":"default","_kad_post_feature":"","_kad_post_feature_position":"","_kad_post_header":false,"_kad_post_footer":false},"product_brand":[],"product_cat":[23,59],"product_tag":[53,57],"class_list":{"0":"post-3327","1":"product","2":"type-product","3":"status-publish","4":"has-post-thumbnail","6":"product_cat-colliers","7":"product_cat-collection-neo","8":"product_tag-collier","9":"product_tag-necklace","11":"first","12":"outofstock","13":"shipping-taxable","14":"purchasable","15":"product-type-variable","16":"entry","17":"content-bg","18":"loop-entry"},"acf":[],"_links":{"self":[{"href":"https:\/\/eplcparis.com\/en\/wp-json\/wp\/v2\/product\/3327","targetHints":{"allow":["GET"]}}],"collection":[{"href":"https:\/\/eplcparis.com\/en\/wp-json\/wp\/v2\/product"}],"about":[{"href":"https:\/\/eplcparis.com\/en\/wp-json\/wp\/v2\/types\/product"}],"replies":[{"embeddable":true,"href":"https:\/\/eplcparis.com\/en\/wp-json\/wp\/v2\/comments?post=3327"}],"wp:featuredmedia":[{"embeddable":true,"href":"https:\/\/eplcparis.com\/en\/wp-json\/wp\/v2\/media\/6112"}],"wp:attachment":[{"href":"https:\/\/eplcparis.com\/en\/wp-json\/wp\/v2\/media?parent=3327"}],"wp:term":[{"taxonomy":"product_brand","embeddable":true,"href":"https:\/\/eplcparis.com\/en\/wp-json\/wp\/v2\/product_brand?post=3327"},{"taxonomy":"product_cat","embeddable":true,"href":"https:\/\/eplcparis.com\/en\/wp-json\/wp\/v2\/product_cat?post=3327"},{"taxonomy":"product_tag","embeddable":true,"href":"https:\/\/eplcparis.com\/en\/wp-json\/wp\/v2\/product_tag?post=3327"}],"curies":[{"name":"wp","href":"https:\/\/api.w.org\/{rel}","templated":true}]}}