{"id":318,"date":"2023-02-22T08:22:24","date_gmt":"2023-02-22T08:22:24","guid":{"rendered":"https:\/\/eplcparis.w3inventor.digital\/?post_type=product&#038;p=318"},"modified":"2026-03-20T19:55:34","modified_gmt":"2026-03-20T19:55:34","slug":"boucle-love","status":"publish","type":"product","link":"https:\/\/eplcparis.com\/en\/product\/boucle-love\/","title":{"rendered":"Boucle LOVE"},"content":{"rendered":"<div class=\"bdt-ep-accordion-item bdt-open\">\n<div id=\"bdt-accordion-0-content-0\" class=\"bdt-ep-accordion-content bdt-accordion-content\" role=\"region\" aria-labelledby=\"bdt-ep-accordion-about-self-love-earring\">La boucle d&#8217;oreille LOVE<span style=\"font-family: var(--global-body-font-family);\">\u00a0est bien plus qu\u2019une simple boucle d\u2019oreille, c\u2019est une v\u00e9ritable d\u00e9claration d\u2019amour \u00e0 la vie et \u00e0 soi-m\u00eame. Son design <strong>inimitable et audacieux<\/strong> fait de LOVE une pi\u00e8ce unique, tout comme vous. <strong>Vendue \u00e0 l\u2019unit\u00e9,<\/strong> cette boucle vous permet de composer votre propre style. Si vous souhaitez la porter en paire, ajoutez simplement deux pi\u00e8ces \u00e0 votre panier.<\/span><\/div>\n<\/div>\n<div class=\"bdt-ep-accordion-item\">\n<div id=\"bdt-ep-accordion-materials-and-dimensions\" class=\"bdt-ep-accordion-title bdt-accordion-title bdt-flex bdt-flex-middle bdt-flex-between\" data-accordion-index=\"1\" data-title=\"materials-and-dimensions\" aria-controls=\"bdt-accordion-0-content-1\" aria-expanded=\"false\" aria-disabled=\"false\"><\/div>\n<\/div>","protected":false},"excerpt":{"rendered":"<p>La boucle d&#8217;oreille LOVE<span style=\"font-family: var(--global-body-font-family);\">\u00a0est bien plus qu\u2019une simple boucle d\u2019oreille, c\u2019est une v\u00e9ritable d\u00e9claration d\u2019amour \u00e0 la vie et \u00e0 soi-m\u00eame.<\/span><\/p>","protected":false},"featured_media":6116,"comment_status":"open","ping_status":"closed","template":"","meta":{"_acf_changed":false,"_mo_disable_npp":"","_kad_post_transparent":"default","_kad_post_title":"","_kad_post_layout":"default","_kad_post_sidebar_id":"","_kad_post_content_style":"default","_kad_post_vertical_padding":"default","_kad_post_feature":"","_kad_post_feature_position":"","_kad_post_header":false,"_kad_post_footer":false},"product_brand":[],"product_cat":[18,59],"product_tag":[25],"class_list":{"0":"post-318","1":"product","2":"type-product","3":"status-publish","4":"has-post-thumbnail","6":"product_cat-boucles-doreilles","7":"product_cat-collection-neo","8":"product_tag-boucle-doreille","10":"first","11":"instock","12":"shipping-taxable","13":"purchasable","14":"product-type-simple","15":"entry","16":"content-bg","17":"loop-entry"},"acf":[],"_links":{"self":[{"href":"https:\/\/eplcparis.com\/en\/wp-json\/wp\/v2\/product\/318","targetHints":{"allow":["GET"]}}],"collection":[{"href":"https:\/\/eplcparis.com\/en\/wp-json\/wp\/v2\/product"}],"about":[{"href":"https:\/\/eplcparis.com\/en\/wp-json\/wp\/v2\/types\/product"}],"replies":[{"embeddable":true,"href":"https:\/\/eplcparis.com\/en\/wp-json\/wp\/v2\/comments?post=318"}],"wp:featuredmedia":[{"embeddable":true,"href":"https:\/\/eplcparis.com\/en\/wp-json\/wp\/v2\/media\/6116"}],"wp:attachment":[{"href":"https:\/\/eplcparis.com\/en\/wp-json\/wp\/v2\/media?parent=318"}],"wp:term":[{"taxonomy":"product_brand","embeddable":true,"href":"https:\/\/eplcparis.com\/en\/wp-json\/wp\/v2\/product_brand?post=318"},{"taxonomy":"product_cat","embeddable":true,"href":"https:\/\/eplcparis.com\/en\/wp-json\/wp\/v2\/product_cat?post=318"},{"taxonomy":"product_tag","embeddable":true,"href":"https:\/\/eplcparis.com\/en\/wp-json\/wp\/v2\/product_tag?post=318"}],"curies":[{"name":"wp","href":"https:\/\/api.w.org\/{rel}","templated":true}]}}