{"id":314,"date":"2023-02-22T08:22:24","date_gmt":"2023-02-22T08:22:24","guid":{"rendered":"https:\/\/eplcparis.w3inventor.digital\/?post_type=product&#038;p=314"},"modified":"2026-03-20T19:55:34","modified_gmt":"2026-03-20T19:55:34","slug":"boucle-ejaz","status":"publish","type":"product","link":"https:\/\/eplcparis.com\/en\/product\/boucle-ejaz\/","title":{"rendered":"EJAZ Earrings"},"content":{"rendered":"<p>Les Boucles EJAZ sont l<strong>\u00e9g\u00e8res, \u00e9l\u00e9gantes et uniques<\/strong>. La bordure argent\u00e9e donne une touche d&#8217;\u00e9clat \u00e0 ces boucles d&#8217;oreille extr\u00eamement faciles \u00e0 porter qui ne manqueront pas de se faire remarquer.<\/p>\n<p>EPLC a d\u00e9cid\u00e9 de se d\u00e9marquer gr\u00e2ce \u00e0 une couleur or antique effet bross\u00e9, appliqu\u00e9e \u00e0 la plupart de nos bijoux. Cet aspect vintage rend EJAZ<\/p>","protected":false},"excerpt":{"rendered":"<p>boucle d&#8217;oreille EJAZ l\u00e9g\u00e8re et \u00e9l\u00e9gante en acier inoxydable<\/p>","protected":false},"featured_media":6483,"comment_status":"open","ping_status":"closed","template":"","meta":{"_acf_changed":false,"_mo_disable_npp":"","_kad_post_transparent":"default","_kad_post_title":"","_kad_post_layout":"default","_kad_post_sidebar_id":"","_kad_post_content_style":"default","_kad_post_vertical_padding":"default","_kad_post_feature":"","_kad_post_feature_position":"","_kad_post_header":false,"_kad_post_footer":false},"product_brand":[],"product_cat":[18,58],"product_tag":[25,26],"class_list":{"0":"post-314","1":"product","2":"type-product","3":"status-publish","4":"has-post-thumbnail","6":"product_cat-boucles-doreilles","7":"product_cat-collection-era","8":"product_tag-boucle-doreille","9":"product_tag-earring","11":"first","12":"instock","13":"shipping-taxable","14":"purchasable","15":"product-type-simple","16":"entry","17":"content-bg","18":"loop-entry"},"acf":[],"_links":{"self":[{"href":"https:\/\/eplcparis.com\/en\/wp-json\/wp\/v2\/product\/314","targetHints":{"allow":["GET"]}}],"collection":[{"href":"https:\/\/eplcparis.com\/en\/wp-json\/wp\/v2\/product"}],"about":[{"href":"https:\/\/eplcparis.com\/en\/wp-json\/wp\/v2\/types\/product"}],"replies":[{"embeddable":true,"href":"https:\/\/eplcparis.com\/en\/wp-json\/wp\/v2\/comments?post=314"}],"wp:featuredmedia":[{"embeddable":true,"href":"https:\/\/eplcparis.com\/en\/wp-json\/wp\/v2\/media\/6483"}],"wp:attachment":[{"href":"https:\/\/eplcparis.com\/en\/wp-json\/wp\/v2\/media?parent=314"}],"wp:term":[{"taxonomy":"product_brand","embeddable":true,"href":"https:\/\/eplcparis.com\/en\/wp-json\/wp\/v2\/product_brand?post=314"},{"taxonomy":"product_cat","embeddable":true,"href":"https:\/\/eplcparis.com\/en\/wp-json\/wp\/v2\/product_cat?post=314"},{"taxonomy":"product_tag","embeddable":true,"href":"https:\/\/eplcparis.com\/en\/wp-json\/wp\/v2\/product_tag?post=314"}],"curies":[{"name":"wp","href":"https:\/\/api.w.org\/{rel}","templated":true}]}}