{"id":313,"date":"2023-02-22T08:22:24","date_gmt":"2023-02-22T08:22:24","guid":{"rendered":"https:\/\/eplcparis.w3inventor.digital\/?post_type=product&#038;p=313"},"modified":"2026-03-20T19:54:58","modified_gmt":"2026-03-20T19:54:58","slug":"collier-alia","status":"publish","type":"product","link":"https:\/\/eplcparis.com\/en\/product\/collier-alia\/","title":{"rendered":"ALIA Necklace"},"content":{"rendered":"<div class=\"bdt-ep-accordion-item bdt-open\">\n<div id=\"bdt-accordion-0-content-0\" class=\"bdt-ep-accordion-content bdt-accordion-content\" role=\"region\" aria-labelledby=\"bdt-ep-accordion-about-lucky-necklace\">\n<p style=\"font-weight: 400;\">ALIA necklace is a <strong>a statement necklace<\/strong> statement chain made of 6 original links that will not go unnoticed around your neck. Perfect for a chic evening or a casual look.<\/p>\n<p style=\"font-weight: 400;\">EPLC has decided to stand out from the crowd with its antique gold brushed effect color, applied to most of our jewelry. This vintage appearance makes ALIA one of a kind necklace.<\/p>\n<\/div>\n<\/div>\n<div class=\"bdt-ep-accordion-item\">\n<div id=\"bdt-ep-accordion-materials-and-dimensions\" class=\"bdt-ep-accordion-title bdt-accordion-title bdt-flex bdt-flex-middle bdt-flex-between\" data-accordion-index=\"1\" data-title=\"materials-and-dimensions\" aria-controls=\"bdt-accordion-0-content-1\" aria-expanded=\"false\" aria-disabled=\"false\"><\/div>\n<\/div>","protected":false},"excerpt":{"rendered":"<p style=\"font-weight: 400;\">Le collier ALIA est une cha\u00eene imposante \u00e0 6 maillons originaux \u00a0qui ne passera pas inaper\u00e7ue. Parfaite pour une soir\u00e9e chic ou un look d\u00e9contract\u00e9.<\/p>","protected":false},"featured_media":6081,"comment_status":"open","ping_status":"closed","template":"","meta":{"_acf_changed":false,"_mo_disable_npp":"","_kad_post_transparent":"default","_kad_post_title":"","_kad_post_layout":"default","_kad_post_sidebar_id":"","_kad_post_content_style":"default","_kad_post_vertical_padding":"default","_kad_post_feature":"","_kad_post_feature_position":"","_kad_post_header":false,"_kad_post_footer":false},"product_brand":[],"product_cat":[58,23],"product_tag":[],"class_list":{"0":"post-313","1":"product","2":"type-product","3":"status-publish","4":"has-post-thumbnail","6":"product_cat-collection-era","7":"product_cat-colliers","9":"first","10":"instock","11":"shipping-taxable","12":"purchasable","13":"product-type-simple","14":"entry","15":"content-bg","16":"loop-entry"},"acf":[],"_links":{"self":[{"href":"https:\/\/eplcparis.com\/en\/wp-json\/wp\/v2\/product\/313","targetHints":{"allow":["GET"]}}],"collection":[{"href":"https:\/\/eplcparis.com\/en\/wp-json\/wp\/v2\/product"}],"about":[{"href":"https:\/\/eplcparis.com\/en\/wp-json\/wp\/v2\/types\/product"}],"replies":[{"embeddable":true,"href":"https:\/\/eplcparis.com\/en\/wp-json\/wp\/v2\/comments?post=313"}],"wp:featuredmedia":[{"embeddable":true,"href":"https:\/\/eplcparis.com\/en\/wp-json\/wp\/v2\/media\/6081"}],"wp:attachment":[{"href":"https:\/\/eplcparis.com\/en\/wp-json\/wp\/v2\/media?parent=313"}],"wp:term":[{"taxonomy":"product_brand","embeddable":true,"href":"https:\/\/eplcparis.com\/en\/wp-json\/wp\/v2\/product_brand?post=313"},{"taxonomy":"product_cat","embeddable":true,"href":"https:\/\/eplcparis.com\/en\/wp-json\/wp\/v2\/product_cat?post=313"},{"taxonomy":"product_tag","embeddable":true,"href":"https:\/\/eplcparis.com\/en\/wp-json\/wp\/v2\/product_tag?post=313"}],"curies":[{"name":"wp","href":"https:\/\/api.w.org\/{rel}","templated":true}]}}