{"id":3076,"date":"2023-10-09T14:46:06","date_gmt":"2023-10-09T14:46:06","guid":{"rendered":"https:\/\/eplcparis.com\/?post_type=product&#038;p=3076"},"modified":"2025-07-17T00:16:23","modified_gmt":"2025-07-17T00:16:23","slug":"collier-rhani","status":"publish","type":"product","link":"https:\/\/eplcparis.com\/en\/product\/collier-rhani\/","title":{"rendered":"RHANI Necklace"},"content":{"rendered":"<p style=\"font-weight: 400;\">Le collier RHANI est la pi\u00e8ce incontournable de votre garde-robe. Facile \u00e0 mettre, le pendentif se porte recto ou verso. Portez uniquement la cha\u00eene pour un effet chic, en double tour autour du cou ou en bracelet.<\/p>\n<p style=\"font-weight: 400;\">EPLC a d\u00e9cid\u00e9 de se d\u00e9marquer gr\u00e2ce \u00e0 une couleur or antique effet bross\u00e9, appliqu\u00e9e \u00e0 la plupart de nos bijoux. Cet aspect vintage rend le collier RHANI unique en son genre.<\/p>","protected":false},"excerpt":{"rendered":"<p>Collier QUEEN et pendentif en acier inoxydable plaqu\u00e9 or 18K. Ne change pas de couleur et ne s&#8217;oxyde pas. Peut aussi se porter autour du poignet juste avec la cha\u00eene.<\/p>","protected":false},"featured_media":6095,"comment_status":"open","ping_status":"closed","template":"","meta":{"_acf_changed":false,"_mo_disable_npp":"","_kad_post_transparent":"default","_kad_post_title":"","_kad_post_layout":"default","_kad_post_sidebar_id":"","_kad_post_content_style":"default","_kad_post_vertical_padding":"default","_kad_post_feature":"","_kad_post_feature_position":"","_kad_post_header":false,"_kad_post_footer":false},"product_brand":[],"product_cat":[23,58],"product_tag":[53,56,55],"class_list":{"0":"post-3076","1":"product","2":"type-product","3":"status-publish","4":"has-post-thumbnail","6":"product_cat-colliers","7":"product_cat-collection-era","8":"product_tag-collier","9":"product_tag-pendentif-queen","10":"product_tag-sautoir","12":"first","13":"instock","14":"shipping-taxable","15":"purchasable","16":"product-type-variable","17":"entry","18":"content-bg","19":"loop-entry"},"acf":[],"_links":{"self":[{"href":"https:\/\/eplcparis.com\/en\/wp-json\/wp\/v2\/product\/3076","targetHints":{"allow":["GET"]}}],"collection":[{"href":"https:\/\/eplcparis.com\/en\/wp-json\/wp\/v2\/product"}],"about":[{"href":"https:\/\/eplcparis.com\/en\/wp-json\/wp\/v2\/types\/product"}],"replies":[{"embeddable":true,"href":"https:\/\/eplcparis.com\/en\/wp-json\/wp\/v2\/comments?post=3076"}],"wp:featuredmedia":[{"embeddable":true,"href":"https:\/\/eplcparis.com\/en\/wp-json\/wp\/v2\/media\/6095"}],"wp:attachment":[{"href":"https:\/\/eplcparis.com\/en\/wp-json\/wp\/v2\/media?parent=3076"}],"wp:term":[{"taxonomy":"product_brand","embeddable":true,"href":"https:\/\/eplcparis.com\/en\/wp-json\/wp\/v2\/product_brand?post=3076"},{"taxonomy":"product_cat","embeddable":true,"href":"https:\/\/eplcparis.com\/en\/wp-json\/wp\/v2\/product_cat?post=3076"},{"taxonomy":"product_tag","embeddable":true,"href":"https:\/\/eplcparis.com\/en\/wp-json\/wp\/v2\/product_tag?post=3076"}],"curies":[{"name":"wp","href":"https:\/\/api.w.org\/{rel}","templated":true}]}}