{"id":3020,"date":"2023-10-01T15:23:55","date_gmt":"2023-10-01T15:23:55","guid":{"rendered":"https:\/\/eplcparis.com\/?post_type=product&#038;p=3020"},"modified":"2025-07-28T00:06:01","modified_gmt":"2025-07-28T00:06:01","slug":"collier-miley-ras-du-coup","status":"publish","type":"product","link":"https:\/\/eplcparis.com\/en\/product\/collier-miley-ras-du-coup\/","title":{"rendered":"Collier SPHERA"},"content":{"rendered":"<p style=\"font-weight: 400;\">Le collier SPHERA est un collier de<strong> perles ras du cou<\/strong> qui va sublimer votre port de t\u00eate et mettre en avant votre personnalit\u00e9 audacieuse. \u00a0Ce mod\u00e8le dispose d\u2019une cha\u00eene d\u2019extension de 7cm, vous offrant la flexibilit\u00e9 de l\u2019ajuster pour un port plus l\u00e2che. Id\u00e9al pour le<strong> layering<\/strong> ou pour \u00eatre port\u00e9 seul, ce collier est un indispensable qui r\u00e9hausse votre style. Combinez-le avec notre cha\u00eene DREW pour un look unique et raffin\u00e9.<\/p>","protected":false},"excerpt":{"rendered":"<p>Collier Sph\u00e8re, ras du coup perles acier inoxydables<\/p>","protected":false},"featured_media":7040,"comment_status":"open","ping_status":"closed","template":"","meta":{"_acf_changed":false,"_mo_disable_npp":"","_kad_post_transparent":"default","_kad_post_title":"","_kad_post_layout":"default","_kad_post_sidebar_id":"","_kad_post_content_style":"default","_kad_post_vertical_padding":"default","_kad_post_feature":"","_kad_post_feature_position":"","_kad_post_header":false,"_kad_post_footer":false},"product_brand":[],"product_cat":[23,59],"product_tag":[53],"class_list":{"0":"post-3020","1":"product","2":"type-product","3":"status-publish","4":"has-post-thumbnail","6":"product_cat-colliers","7":"product_cat-collection-neo","8":"product_tag-collier","10":"first","11":"instock","12":"shipping-taxable","13":"purchasable","14":"product-type-variable","15":"entry","16":"content-bg","17":"loop-entry"},"acf":[],"_links":{"self":[{"href":"https:\/\/eplcparis.com\/en\/wp-json\/wp\/v2\/product\/3020","targetHints":{"allow":["GET"]}}],"collection":[{"href":"https:\/\/eplcparis.com\/en\/wp-json\/wp\/v2\/product"}],"about":[{"href":"https:\/\/eplcparis.com\/en\/wp-json\/wp\/v2\/types\/product"}],"replies":[{"embeddable":true,"href":"https:\/\/eplcparis.com\/en\/wp-json\/wp\/v2\/comments?post=3020"}],"wp:featuredmedia":[{"embeddable":true,"href":"https:\/\/eplcparis.com\/en\/wp-json\/wp\/v2\/media\/7040"}],"wp:attachment":[{"href":"https:\/\/eplcparis.com\/en\/wp-json\/wp\/v2\/media?parent=3020"}],"wp:term":[{"taxonomy":"product_brand","embeddable":true,"href":"https:\/\/eplcparis.com\/en\/wp-json\/wp\/v2\/product_brand?post=3020"},{"taxonomy":"product_cat","embeddable":true,"href":"https:\/\/eplcparis.com\/en\/wp-json\/wp\/v2\/product_cat?post=3020"},{"taxonomy":"product_tag","embeddable":true,"href":"https:\/\/eplcparis.com\/en\/wp-json\/wp\/v2\/product_tag?post=3020"}],"curies":[{"name":"wp","href":"https:\/\/api.w.org\/{rel}","templated":true}]}}