{"id":298,"date":"2023-02-22T08:22:23","date_gmt":"2023-02-22T08:22:23","guid":{"rendered":"https:\/\/eplcparis.w3inventor.digital\/?post_type=product&#038;p=298"},"modified":"2025-07-17T00:16:23","modified_gmt":"2025-07-17T00:16:23","slug":"collier-lara","status":"publish","type":"product","link":"https:\/\/eplcparis.com\/en\/product\/collier-lara\/","title":{"rendered":"LARA Necklace"},"content":{"rendered":"<p style=\"font-weight: 400;\">LARA est un collier <strong>double rangs<\/strong> qui incarne parfaitement l\u2019alliance de l\u2019\u00e9l\u00e9gance et de la force. Vous avez le choix de le porter avec ou sans pendentif en forme de dent de requin, selon votre style. Son atout : le fermoir EPLC &#8211; cr\u00e9ation exclusive &#8211; qui \u00e9vite que les cha\u00eenes s\u2019emm\u00ealent entre elles et vous permet de les attacher facilement en un seul geste.<\/p>","protected":false},"excerpt":{"rendered":"<p>LARA est un collier double rangs qui incarne parfaitement l\u2019alliance de l\u2019\u00e9l\u00e9gance et de la force. Vous avez le choix de le porter avec ou sans pendentif en forme de dent de requin, selon votre style. Son atout : le fermoir EPLC &#8211; cr\u00e9ation exclusive &#8211; qui \u00e9vite que les cha\u00eenes s\u2019emm\u00ealent entre elles et&#8230;<\/p>","protected":false},"featured_media":6113,"comment_status":"open","ping_status":"closed","template":"","meta":{"_acf_changed":false,"_mo_disable_npp":"","_kad_post_transparent":"default","_kad_post_title":"","_kad_post_layout":"default","_kad_post_sidebar_id":"","_kad_post_content_style":"default","_kad_post_vertical_padding":"default","_kad_post_feature":"","_kad_post_feature_position":"","_kad_post_header":false,"_kad_post_footer":false},"product_brand":[],"product_cat":[59,23],"product_tag":[],"class_list":{"0":"post-298","1":"product","2":"type-product","3":"status-publish","4":"has-post-thumbnail","6":"product_cat-collection-neo","7":"product_cat-colliers","9":"first","10":"instock","11":"shipping-taxable","12":"purchasable","13":"product-type-variable","14":"entry","15":"content-bg","16":"loop-entry"},"acf":[],"_links":{"self":[{"href":"https:\/\/eplcparis.com\/en\/wp-json\/wp\/v2\/product\/298","targetHints":{"allow":["GET"]}}],"collection":[{"href":"https:\/\/eplcparis.com\/en\/wp-json\/wp\/v2\/product"}],"about":[{"href":"https:\/\/eplcparis.com\/en\/wp-json\/wp\/v2\/types\/product"}],"replies":[{"embeddable":true,"href":"https:\/\/eplcparis.com\/en\/wp-json\/wp\/v2\/comments?post=298"}],"wp:featuredmedia":[{"embeddable":true,"href":"https:\/\/eplcparis.com\/en\/wp-json\/wp\/v2\/media\/6113"}],"wp:attachment":[{"href":"https:\/\/eplcparis.com\/en\/wp-json\/wp\/v2\/media?parent=298"}],"wp:term":[{"taxonomy":"product_brand","embeddable":true,"href":"https:\/\/eplcparis.com\/en\/wp-json\/wp\/v2\/product_brand?post=298"},{"taxonomy":"product_cat","embeddable":true,"href":"https:\/\/eplcparis.com\/en\/wp-json\/wp\/v2\/product_cat?post=298"},{"taxonomy":"product_tag","embeddable":true,"href":"https:\/\/eplcparis.com\/en\/wp-json\/wp\/v2\/product_tag?post=298"}],"curies":[{"name":"wp","href":"https:\/\/api.w.org\/{rel}","templated":true}]}}