{"id":2970,"date":"2023-09-09T13:51:15","date_gmt":"2023-09-09T13:51:15","guid":{"rendered":"https:\/\/eplcparis.com\/?post_type=product&#038;p=2970"},"modified":"2025-10-05T13:06:34","modified_gmt":"2025-10-05T13:06:34","slug":"collier-drew","status":"publish","type":"product","link":"https:\/\/eplcparis.com\/en\/product\/collier-drew\/","title":{"rendered":"Collier DREW"},"content":{"rendered":"<p style=\"font-weight: 400;\">Le collier Drew est une cha\u00eene intemporelle et incontournable, appr\u00e9ci\u00e9e de tous pour son style et sa polyvalence (collier simple, collier double, bracelet\u2026). Avec ses larges maillons et son fermoir oversize, ce collier permet de personnaliser votre look en y ajoutant des pendentifs ou en attachant une deuxi\u00e8me chaine DREW pour le transformer en collier double rang. Offrir ou porter DREW, c\u2019est l\u2019assurance de ne pas se tromper.<\/p>","protected":false},"excerpt":{"rendered":"<p>Le collier Drew est une cha\u00eene intemporelle et incontournable, appr\u00e9ci\u00e9e de tous pour son style et sa polyvalence (collier simple, collier double, bracelet\u2026). Avec ses larges maillons et son fermoir oversize, ce collier permet de personnaliser votre look en y ajoutant des pendentifs ou en attachant une deuxi\u00e8me chaine DREW pour le transformer en collier&#8230;<\/p>","protected":false},"featured_media":6108,"comment_status":"open","ping_status":"closed","template":"","meta":{"_acf_changed":false,"_mo_disable_npp":"","_kad_post_transparent":"default","_kad_post_title":"","_kad_post_layout":"default","_kad_post_sidebar_id":"","_kad_post_content_style":"default","_kad_post_vertical_padding":"default","_kad_post_feature":"","_kad_post_feature_position":"","_kad_post_header":false,"_kad_post_footer":false},"product_brand":[],"product_cat":[23,59],"product_tag":[],"class_list":{"0":"post-2970","1":"product","2":"type-product","3":"status-publish","4":"has-post-thumbnail","6":"product_cat-colliers","7":"product_cat-collection-neo","9":"first","10":"instock","11":"shipping-taxable","12":"purchasable","13":"product-type-variable","14":"entry","15":"content-bg","16":"loop-entry"},"acf":[],"_links":{"self":[{"href":"https:\/\/eplcparis.com\/en\/wp-json\/wp\/v2\/product\/2970","targetHints":{"allow":["GET"]}}],"collection":[{"href":"https:\/\/eplcparis.com\/en\/wp-json\/wp\/v2\/product"}],"about":[{"href":"https:\/\/eplcparis.com\/en\/wp-json\/wp\/v2\/types\/product"}],"replies":[{"embeddable":true,"href":"https:\/\/eplcparis.com\/en\/wp-json\/wp\/v2\/comments?post=2970"}],"wp:featuredmedia":[{"embeddable":true,"href":"https:\/\/eplcparis.com\/en\/wp-json\/wp\/v2\/media\/6108"}],"wp:attachment":[{"href":"https:\/\/eplcparis.com\/en\/wp-json\/wp\/v2\/media?parent=2970"}],"wp:term":[{"taxonomy":"product_brand","embeddable":true,"href":"https:\/\/eplcparis.com\/en\/wp-json\/wp\/v2\/product_brand?post=2970"},{"taxonomy":"product_cat","embeddable":true,"href":"https:\/\/eplcparis.com\/en\/wp-json\/wp\/v2\/product_cat?post=2970"},{"taxonomy":"product_tag","embeddable":true,"href":"https:\/\/eplcparis.com\/en\/wp-json\/wp\/v2\/product_tag?post=2970"}],"curies":[{"name":"wp","href":"https:\/\/api.w.org\/{rel}","templated":true}]}}