{"id":296,"date":"2023-02-22T08:22:23","date_gmt":"2023-02-22T08:22:23","guid":{"rendered":"https:\/\/eplcparis.w3inventor.digital\/?post_type=product&#038;p=296"},"modified":"2026-03-20T19:54:59","modified_gmt":"2026-03-20T19:54:59","slug":"baguegoddess","status":"publish","type":"product","link":"https:\/\/eplcparis.com\/en\/product\/baguegoddess\/","title":{"rendered":"GODDESS RING"},"content":{"rendered":"<div>La bague GODDESS est une <strong>statement ring audacieuse<\/strong> avec l\u2019inscription <i style=\"font-family: var(--global-body-font-family);\">Goddess<\/i>, symbole de <strong>puissance int\u00e9rieure<\/strong> et de souverainet\u00e9 personnelle.<\/div>\n<div>Parce que vous \u00eates le seul dieu de votre destin\u00e9e \u2014 faites confiance \u00e0 votre intuition, prenez le contr\u00f4le et fa\u00e7onnez votre monde selon vos propres r\u00e8gles.<\/div>\n<div><\/div>\n<div><\/div>","protected":false},"excerpt":{"rendered":"<p>Tired of all minimalist rings you need to accumulate ?<\/p>\n<p>This is the perfect ring to show everyone who they have in front of them.<\/p>\n<p>This ring is your reminder that all women are goddess.<\/p>\n<ul>\n<li>Brass<\/li>\n<li><span style=\"font-family: var(--global-body-font-family);\">Antique gold plated\u00a0<\/span><\/li>\n<li>Designed in Paris<\/li>\n<\/ul>","protected":false},"featured_media":6127,"comment_status":"open","ping_status":"closed","template":"","meta":{"_acf_changed":false,"_mo_disable_npp":"","_kad_post_transparent":"default","_kad_post_title":"","_kad_post_layout":"default","_kad_post_sidebar_id":"","_kad_post_content_style":"default","_kad_post_vertical_padding":"default","_kad_post_feature":"","_kad_post_feature_position":"","_kad_post_header":false,"_kad_post_footer":false},"product_brand":[],"product_cat":[20,60],"product_tag":[63,21],"class_list":{"0":"post-296","1":"product","2":"type-product","3":"status-publish","4":"has-post-thumbnail","6":"product_cat-bagues","7":"product_cat-collection-versus","8":"product_tag-bague","9":"product_tag-goddess-ring","11":"first","12":"instock","13":"shipping-taxable","14":"purchasable","15":"product-type-variable","16":"entry","17":"content-bg","18":"loop-entry"},"acf":[],"_links":{"self":[{"href":"https:\/\/eplcparis.com\/en\/wp-json\/wp\/v2\/product\/296","targetHints":{"allow":["GET"]}}],"collection":[{"href":"https:\/\/eplcparis.com\/en\/wp-json\/wp\/v2\/product"}],"about":[{"href":"https:\/\/eplcparis.com\/en\/wp-json\/wp\/v2\/types\/product"}],"replies":[{"embeddable":true,"href":"https:\/\/eplcparis.com\/en\/wp-json\/wp\/v2\/comments?post=296"}],"wp:featuredmedia":[{"embeddable":true,"href":"https:\/\/eplcparis.com\/en\/wp-json\/wp\/v2\/media\/6127"}],"wp:attachment":[{"href":"https:\/\/eplcparis.com\/en\/wp-json\/wp\/v2\/media?parent=296"}],"wp:term":[{"taxonomy":"product_brand","embeddable":true,"href":"https:\/\/eplcparis.com\/en\/wp-json\/wp\/v2\/product_brand?post=296"},{"taxonomy":"product_cat","embeddable":true,"href":"https:\/\/eplcparis.com\/en\/wp-json\/wp\/v2\/product_cat?post=296"},{"taxonomy":"product_tag","embeddable":true,"href":"https:\/\/eplcparis.com\/en\/wp-json\/wp\/v2\/product_tag?post=296"}],"curies":[{"name":"wp","href":"https:\/\/api.w.org\/{rel}","templated":true}]}}