{"id":294,"date":"2023-02-22T08:22:23","date_gmt":"2023-02-22T08:22:23","guid":{"rendered":"https:\/\/eplcparis.w3inventor.digital\/?post_type=product&#038;p=294"},"modified":"2026-03-20T19:55:34","modified_gmt":"2026-03-20T19:55:34","slug":"boucles-clara","status":"publish","type":"product","link":"https:\/\/eplcparis.com\/en\/product\/boucles-clara\/","title":{"rendered":"Boucles CLARA"},"content":{"rendered":"<p style=\"font-weight: 400;\">Les boucles CLARA sont votre alli\u00e9es id\u00e9ales pour chaque occasion. <strong>El\u00e9gantes, originales et l\u00e9g\u00e8res,<\/strong> elles apportent une touche de classe \u00e0 votre allure tout en vous offrant un confort optimal. Avec leur design raffin\u00e9, elles subliment votre port de t\u00eate et se marient parfaitement aussi bien avec un look d\u00e9contract\u00e9, ou une robe chic.<\/p>","protected":false},"excerpt":{"rendered":"<p>Les boucles CLARA sont votre alli\u00e9es id\u00e9ales pour chaque occasion. El\u00e9gantes, originales et l\u00e9g\u00e8res, elles apportent une touche de classe \u00e0 votre allure tout en vous offrant un confort optimal. Avec leur design raffin\u00e9, elles subliment votre port de t\u00eate et se marient parfaitement aussi bien avec un look d\u00e9contract\u00e9, ou une robe chic.<\/p>","protected":false},"featured_media":6120,"comment_status":"open","ping_status":"closed","template":"","meta":{"_acf_changed":false,"_mo_disable_npp":"","_kad_post_transparent":"default","_kad_post_title":"","_kad_post_layout":"default","_kad_post_sidebar_id":"","_kad_post_content_style":"default","_kad_post_vertical_padding":"default","_kad_post_feature":"","_kad_post_feature_position":"","_kad_post_header":false,"_kad_post_footer":false},"product_brand":[],"product_cat":[18,59],"product_tag":[],"class_list":{"0":"post-294","1":"product","2":"type-product","3":"status-publish","4":"has-post-thumbnail","6":"product_cat-boucles-doreilles","7":"product_cat-collection-neo","9":"first","10":"instock","11":"shipping-taxable","12":"purchasable","13":"product-type-variable","14":"entry","15":"content-bg","16":"loop-entry"},"acf":[],"_links":{"self":[{"href":"https:\/\/eplcparis.com\/en\/wp-json\/wp\/v2\/product\/294","targetHints":{"allow":["GET"]}}],"collection":[{"href":"https:\/\/eplcparis.com\/en\/wp-json\/wp\/v2\/product"}],"about":[{"href":"https:\/\/eplcparis.com\/en\/wp-json\/wp\/v2\/types\/product"}],"replies":[{"embeddable":true,"href":"https:\/\/eplcparis.com\/en\/wp-json\/wp\/v2\/comments?post=294"}],"wp:featuredmedia":[{"embeddable":true,"href":"https:\/\/eplcparis.com\/en\/wp-json\/wp\/v2\/media\/6120"}],"wp:attachment":[{"href":"https:\/\/eplcparis.com\/en\/wp-json\/wp\/v2\/media?parent=294"}],"wp:term":[{"taxonomy":"product_brand","embeddable":true,"href":"https:\/\/eplcparis.com\/en\/wp-json\/wp\/v2\/product_brand?post=294"},{"taxonomy":"product_cat","embeddable":true,"href":"https:\/\/eplcparis.com\/en\/wp-json\/wp\/v2\/product_cat?post=294"},{"taxonomy":"product_tag","embeddable":true,"href":"https:\/\/eplcparis.com\/en\/wp-json\/wp\/v2\/product_tag?post=294"}],"curies":[{"name":"wp","href":"https:\/\/api.w.org\/{rel}","templated":true}]}}