{"id":94,"date":"2023-02-20T10:34:53","date_gmt":"2023-02-20T10:34:53","guid":{"rendered":"https:\/\/eplcparis.w3inventor.digital\/?page_id=94"},"modified":"2024-07-31T15:42:51","modified_gmt":"2024-07-31T15:42:51","slug":"valeurs-et-svoir-faire","status":"publish","type":"page","link":"https:\/\/eplcparis.com\/en\/valeurs-et-svoir-faire\/","title":{"rendered":"Our Values and expertise"},"content":{"rendered":"<div data-elementor-type=\"wp-page\" data-elementor-id=\"94\" class=\"elementor elementor-94\" data-elementor-post-type=\"page\">\n\t\t\t\t\t\t<section class=\"elementor-section elementor-top-section elementor-element elementor-element-4baeab9 elementor-section-height-min-height elementor-section-items-stretch elementor-section-full_width elementor-section-height-default\" data-id=\"4baeab9\" data-element_type=\"section\" data-e-type=\"section\" data-settings=\"{&quot;background_background&quot;:&quot;classic&quot;}\">\n\t\t\t\t\t\t<div class=\"elementor-container elementor-column-gap-default\">\n\t\t\t\t\t<div class=\"elementor-column elementor-col-100 elementor-top-column elementor-element elementor-element-a85249c\" data-id=\"a85249c\" data-element_type=\"column\" data-e-type=\"column\">\n\t\t\t<div class=\"elementor-widget-wrap\">\n\t\t\t\t\t\t\t<\/div>\n\t\t<\/div>\n\t\t\t\t\t<\/div>\n\t\t<\/section>\n\t\t\t\t<section class=\"elementor-section elementor-top-section elementor-element elementor-element-62082bc elementor-section-boxed elementor-section-height-default elementor-section-height-default\" data-id=\"62082bc\" data-element_type=\"section\" data-e-type=\"section\">\n\t\t\t\t\t\t\t<div class=\"elementor-background-overlay\"><\/div>\n\t\t\t\t\t\t\t<div class=\"elementor-container elementor-column-gap-default\">\n\t\t\t\t\t<div class=\"elementor-column elementor-col-100 elementor-top-column elementor-element elementor-element-f27e2cc\" data-id=\"f27e2cc\" data-element_type=\"column\" data-e-type=\"column\">\n\t\t\t<div class=\"elementor-widget-wrap\">\n\t\t\t\t\t\t\t<\/div>\n\t\t<\/div>\n\t\t\t\t\t<\/div>\n\t\t<\/section>\n\t\t\t\t<section class=\"elementor-section elementor-top-section elementor-element elementor-element-719606f elementor-section-boxed elementor-section-height-default elementor-section-height-default\" data-id=\"719606f\" data-element_type=\"section\" data-e-type=\"section\">\n\t\t\t\t\t\t<div class=\"elementor-container elementor-column-gap-default\">\n\t\t\t\t\t<div class=\"elementor-column elementor-col-100 elementor-top-column elementor-element elementor-element-4c3c877\" data-id=\"4c3c877\" data-element_type=\"column\" data-e-type=\"column\">\n\t\t\t<div class=\"elementor-widget-wrap elementor-element-populated\">\n\t\t\t\t\t\t<div class=\"elementor-element elementor-element-75a77e4 elementor-widget elementor-widget-spacer\" data-id=\"75a77e4\" data-element_type=\"widget\" data-e-type=\"widget\" data-widget_type=\"spacer.default\">\n\t\t\t\t<div class=\"elementor-widget-container\">\n\t\t\t\t\t\t\t<div class=\"elementor-spacer\">\n\t\t\t<div class=\"elementor-spacer-inner\"><\/div>\n\t\t<\/div>\n\t\t\t\t\t\t<\/div>\n\t\t\t\t<\/div>\n\t\t\t\t\t<\/div>\n\t\t<\/div>\n\t\t\t\t\t<\/div>\n\t\t<\/section>\n\t\t\t\t<section class=\"elementor-section elementor-top-section elementor-element elementor-element-1a6f978 elementor-section-boxed elementor-section-height-default elementor-section-height-default\" data-id=\"1a6f978\" data-element_type=\"section\" data-e-type=\"section\">\n\t\t\t\t\t\t<div class=\"elementor-container elementor-column-gap-default\">\n\t\t\t\t\t<div class=\"elementor-column elementor-col-100 elementor-top-column elementor-element elementor-element-3a79ffe\" data-id=\"3a79ffe\" data-element_type=\"column\" data-e-type=\"column\">\n\t\t\t<div class=\"elementor-widget-wrap elementor-element-populated\">\n\t\t\t\t\t\t<div class=\"elementor-element elementor-element-f3fab8b elementor-blockquote--skin-border elementor-widget elementor-widget-blockquote\" data-id=\"f3fab8b\" data-element_type=\"widget\" data-e-type=\"widget\" data-widget_type=\"blockquote.default\">\n\t\t\t\t<div class=\"elementor-widget-container\">\n\t\t\t\t\t\t\t<blockquote class=\"elementor-blockquote\">\n\t\t\t<p class=\"elementor-blockquote__content\">\n\t\t\t\t\u201cWearing our limited edition creations ensures you to own rare statement pieces that only few people will have the privilege of wearing\u201d\t\t\t<\/p>\n\t\t\t\t\t\t\t<div class=\"e-q-footer\">\n\t\t\t\t\t\t\t\t\t\t\t<cite class=\"elementor-blockquote__author\">Eylyn et Clotilde<\/cite>\n\t\t\t\t\t\t\t\t\t\t\t\t\t\t<\/div>\n\t\t\t\t\t<\/blockquote>\n\t\t\t\t\t\t<\/div>\n\t\t\t\t<\/div>\n\t\t\t\t\t<\/div>\n\t\t<\/div>\n\t\t\t\t\t<\/div>\n\t\t<\/section>\n\t\t\t\t<section class=\"elementor-section elementor-top-section elementor-element elementor-element-2a0bb64 elementor-section-boxed elementor-section-height-default elementor-section-height-default\" data-id=\"2a0bb64\" data-element_type=\"section\" data-e-type=\"section\">\n\t\t\t\t\t\t<div class=\"elementor-container elementor-column-gap-default\">\n\t\t\t\t\t<div class=\"elementor-column elementor-col-100 elementor-top-column elementor-element elementor-element-07d5a8f\" data-id=\"07d5a8f\" data-element_type=\"column\" data-e-type=\"column\">\n\t\t\t<div class=\"elementor-widget-wrap elementor-element-populated\">\n\t\t\t\t\t\t<div class=\"elementor-element elementor-element-c194f08 elementor-widget elementor-widget-heading\" data-id=\"c194f08\" data-element_type=\"widget\" data-e-type=\"widget\" data-widget_type=\"heading.default\">\n\t\t\t\t<div class=\"elementor-widget-container\">\n\t\t\t\t\t<h2 class=\"elementor-heading-title elementor-size-default\">Our mission<\/h2>\t\t\t\t<\/div>\n\t\t\t\t<\/div>\n\t\t\t\t<div class=\"elementor-element elementor-element-6ff2288 elementor-widget elementor-widget-text-editor\" data-id=\"6ff2288\" data-element_type=\"widget\" data-e-type=\"widget\" data-widget_type=\"text-editor.default\">\n\t\t\t\t<div class=\"elementor-widget-container\">\n\t\t\t\t\t\t\t\t\t<p>Create timeless and unique jewelry that celebrates women and freedom. All our creations are limited edition. Our designs are carefully crafted to create extraordinary pieces that combine boldness and modernity.\u00a0<\/p>\t\t\t\t\t\t\t\t<\/div>\n\t\t\t\t<\/div>\n\t\t\t\t<div class=\"elementor-element elementor-element-65503a3 elementor-widget elementor-widget-heading\" data-id=\"65503a3\" data-element_type=\"widget\" data-e-type=\"widget\" data-widget_type=\"heading.default\">\n\t\t\t\t<div class=\"elementor-widget-container\">\n\t\t\t\t\t<h2 class=\"elementor-heading-title elementor-size-default\">Our Values <\/h2>\t\t\t\t<\/div>\n\t\t\t\t<\/div>\n\t\t\t\t<div class=\"elementor-element elementor-element-2bbb4ab elementor-widget elementor-widget-text-editor\" data-id=\"2bbb4ab\" data-element_type=\"widget\" data-e-type=\"widget\" data-widget_type=\"text-editor.default\">\n\t\t\t\t<div class=\"elementor-widget-container\">\n\t\t\t\t\t\t\t\t\t<ul><li>Quality: sustainable fashion with timeless, quality jewelry<\/li><li><span style=\"font-family: var(--global-body-font-family);\">Exclusivity: All our creations are limited edition (200 copies). You are UNIQUE, so are our statement jewels.<\/span><\/li><li><span style=\"font-family: var(--global-body-font-family);\">Originality: Bold creations, designed to stand out.<\/span><\/li><\/ul><p>\u00a0<\/p><p>Our jewelry is designed for confident, free, elegant woman, asserting her personality through her accessories. We are inspired by everything that surprises or intrigues.<\/p>\t\t\t\t\t\t\t\t<\/div>\n\t\t\t\t<\/div>\n\t\t\t\t<div class=\"elementor-element elementor-element-8bbe88e elementor-widget elementor-widget-heading\" data-id=\"8bbe88e\" data-element_type=\"widget\" data-e-type=\"widget\" data-widget_type=\"heading.default\">\n\t\t\t\t<div class=\"elementor-widget-container\">\n\t\t\t\t\t<h2 class=\"elementor-heading-title elementor-size-default\">Our Expertise<\/h2>\t\t\t\t<\/div>\n\t\t\t\t<\/div>\n\t\t\t\t\t<\/div>\n\t\t<\/div>\n\t\t\t\t\t<\/div>\n\t\t<\/section>\n\t\t\t\t<section class=\"elementor-section elementor-top-section elementor-element elementor-element-dcde3f0 elementor-section-boxed elementor-section-height-default elementor-section-height-default\" data-id=\"dcde3f0\" data-element_type=\"section\" data-e-type=\"section\">\n\t\t\t\t\t\t<div class=\"elementor-container elementor-column-gap-default\">\n\t\t\t\t\t<div class=\"elementor-column elementor-col-100 elementor-top-column elementor-element elementor-element-289dcbe\" data-id=\"289dcbe\" data-element_type=\"column\" data-e-type=\"column\">\n\t\t\t<div class=\"elementor-widget-wrap elementor-element-populated\">\n\t\t\t\t\t\t<div class=\"elementor-element elementor-element-b2499ee elementor-widget elementor-widget-text-editor\" data-id=\"b2499ee\" data-element_type=\"widget\" data-e-type=\"widget\" data-widget_type=\"text-editor.default\">\n\t\t\t\t<div class=\"elementor-widget-container\">\n\t\t\t\t\t\t\t\t\t<p>EPLC PARIS stands out for the quality and originality of its jewelry. Each piece is carefully designed and validated through a rigorous process. We design the jewelry ourselves, have a specific unique mold for each creation. Prototypes are reworked to perfection.<\/p><div><p>Our jewelry is made of stainless steel with an ultra-resistant PVD coating, ensuring that it remains intact, even when swimming or exercising. Stainless steel is hypoallergenic, durable and tarnish free.<\/p><\/div><div><p>Our limited edition creations are adaptable to any body shape.\u00a0<\/p><p>Antique gold plating, our flagship color, flatters all skin tones and offers a unique vintage look.<\/p><\/div>\t\t\t\t\t\t\t\t<\/div>\n\t\t\t\t<\/div>\n\t\t\t\t\t<\/div>\n\t\t<\/div>\n\t\t\t\t\t<\/div>\n\t\t<\/section>\n\t\t\t\t<\/div>","protected":false},"excerpt":{"rendered":"<p>&#8220;Porter nos cr\u00e9ations \u00e9dition limit\u00e9e, c&#8217;est s&#8217;assurer de poss\u00e9der des pi\u00e8ces rares, que peu de gens auront le privil\u00e8ge de porter&#8221; Eylyn et Clotilde Notre mission Cr\u00e9er des bijoux intemporels et uniques qui c\u00e9l\u00e8brent la femme et la libert\u00e9. Toutes nos cr\u00e9ations sont en \u00e9dition limit\u00e9e. Nos designs sont con\u00e7us avec soin pour fabriquer des&#8230;<\/p>","protected":false},"author":3,"featured_media":0,"parent":0,"menu_order":0,"comment_status":"closed","ping_status":"closed","template":"","meta":{"_acf_changed":false,"_mo_disable_npp":"","_kad_post_transparent":"","_kad_post_title":"hide","_kad_post_layout":"fullwidth","_kad_post_sidebar_id":"","_kad_post_content_style":"unboxed","_kad_post_vertical_padding":"hide","_kad_post_feature":"hide","_kad_post_feature_position":"","_kad_post_header":false,"_kad_post_footer":false,"footnotes":""},"class_list":["post-94","page","type-page","status-publish","hentry"],"acf":[],"_links":{"self":[{"href":"https:\/\/eplcparis.com\/en\/wp-json\/wp\/v2\/pages\/94","targetHints":{"allow":["GET"]}}],"collection":[{"href":"https:\/\/eplcparis.com\/en\/wp-json\/wp\/v2\/pages"}],"about":[{"href":"https:\/\/eplcparis.com\/en\/wp-json\/wp\/v2\/types\/page"}],"author":[{"embeddable":true,"href":"https:\/\/eplcparis.com\/en\/wp-json\/wp\/v2\/users\/3"}],"replies":[{"embeddable":true,"href":"https:\/\/eplcparis.com\/en\/wp-json\/wp\/v2\/comments?post=94"}],"version-history":[{"count":57,"href":"https:\/\/eplcparis.com\/en\/wp-json\/wp\/v2\/pages\/94\/revisions"}],"predecessor-version":[{"id":6871,"href":"https:\/\/eplcparis.com\/en\/wp-json\/wp\/v2\/pages\/94\/revisions\/6871"}],"wp:attachment":[{"href":"https:\/\/eplcparis.com\/en\/wp-json\/wp\/v2\/media?parent=94"}],"curies":[{"name":"wp","href":"https:\/\/api.w.org\/{rel}","templated":true}]}}