{"id":60,"date":"2023-02-20T10:02:57","date_gmt":"2023-02-20T10:02:57","guid":{"rendered":"https:\/\/eplcparis.w3inventor.digital\/?page_id=60"},"modified":"2024-07-21T11:12:13","modified_gmt":"2024-07-21T11:12:13","slug":"notre-histoire","status":"publish","type":"page","link":"https:\/\/eplcparis.com\/en\/notre-histoire\/","title":{"rendered":"Our history"},"content":{"rendered":"<div data-elementor-type=\"wp-page\" data-elementor-id=\"60\" class=\"elementor elementor-60\" data-elementor-post-type=\"page\">\n\t\t\t\t\t\t<section class=\"elementor-section elementor-top-section elementor-element elementor-element-e9626e7 elementor-section-boxed elementor-section-height-default elementor-section-height-default\" data-id=\"e9626e7\" data-element_type=\"section\" data-e-type=\"section\">\n\t\t\t\t\t\t<div class=\"elementor-container elementor-column-gap-default\">\n\t\t\t\t\t<div class=\"elementor-column elementor-col-100 elementor-top-column elementor-element elementor-element-ac10036\" data-id=\"ac10036\" data-element_type=\"column\" data-e-type=\"column\">\n\t\t\t<div class=\"elementor-widget-wrap elementor-element-populated\">\n\t\t\t\t\t\t<div class=\"elementor-element elementor-element-c8d9142 elementor-widget elementor-widget-heading\" data-id=\"c8d9142\" data-element_type=\"widget\" data-e-type=\"widget\" data-widget_type=\"heading.default\">\n\t\t\t\t<div class=\"elementor-widget-container\">\n\t\t\t\t\t<h2 class=\"elementor-heading-title elementor-size-default\">Our history<\/h2>\t\t\t\t<\/div>\n\t\t\t\t<\/div>\n\t\t\t\t\t<\/div>\n\t\t<\/div>\n\t\t\t\t\t<\/div>\n\t\t<\/section>\n\t\t\t\t<section class=\"elementor-section elementor-top-section elementor-element elementor-element-86dc6a0 elementor-section-boxed elementor-section-height-default elementor-section-height-default\" data-id=\"86dc6a0\" data-element_type=\"section\" data-e-type=\"section\">\n\t\t\t\t\t\t<div class=\"elementor-container elementor-column-gap-default\">\n\t\t\t\t\t<div class=\"elementor-column elementor-col-33 elementor-top-column elementor-element elementor-element-f158630\" data-id=\"f158630\" data-element_type=\"column\" data-e-type=\"column\">\n\t\t\t<div class=\"elementor-widget-wrap elementor-element-populated\">\n\t\t\t\t\t\t<div class=\"elementor-element elementor-element-1c3c593 elementor-widget elementor-widget-image\" data-id=\"1c3c593\" data-element_type=\"widget\" data-e-type=\"widget\" data-widget_type=\"image.default\">\n\t\t\t\t<div class=\"elementor-widget-container\">\n\t\t\t\t\t\t\t\t\t\t\t\t\t\t\t<img fetchpriority=\"high\" decoding=\"async\" width=\"683\" height=\"1024\" src=\"https:\/\/eplcparis.com\/wp-content\/uploads\/2024\/07\/EPLCPARIS-2024-@jenn.elle-26-683x1024.jpg\" class=\"attachment-large size-large wp-image-6102\" alt=\"Clotilde EPLC PARIS\" srcset=\"https:\/\/eplcparis.com\/wp-content\/uploads\/2024\/07\/EPLCPARIS-2024-@jenn.elle-26-683x1024.jpg 683w, https:\/\/eplcparis.com\/wp-content\/uploads\/2024\/07\/EPLCPARIS-2024-@jenn.elle-26-200x300.jpg 200w, https:\/\/eplcparis.com\/wp-content\/uploads\/2024\/07\/EPLCPARIS-2024-@jenn.elle-26-768x1152.jpg 768w, https:\/\/eplcparis.com\/wp-content\/uploads\/2024\/07\/EPLCPARIS-2024-@jenn.elle-26-1024x1536.jpg 1024w, https:\/\/eplcparis.com\/wp-content\/uploads\/2024\/07\/EPLCPARIS-2024-@jenn.elle-26-1365x2048.jpg 1365w, https:\/\/eplcparis.com\/wp-content\/uploads\/2024\/07\/EPLCPARIS-2024-@jenn.elle-26-8x12.jpg 8w, https:\/\/eplcparis.com\/wp-content\/uploads\/2024\/07\/EPLCPARIS-2024-@jenn.elle-26-300x450.jpg 300w, https:\/\/eplcparis.com\/wp-content\/uploads\/2024\/07\/EPLCPARIS-2024-@jenn.elle-26-600x900.jpg 600w, https:\/\/eplcparis.com\/wp-content\/uploads\/2024\/07\/EPLCPARIS-2024-@jenn.elle-26-scaled.jpg 1707w\" sizes=\"(max-width: 683px) 100vw, 683px\" \/>\t\t\t\t\t\t\t\t\t\t\t\t\t\t\t<\/div>\n\t\t\t\t<\/div>\n\t\t\t\t\t<\/div>\n\t\t<\/div>\n\t\t\t\t<div class=\"elementor-column elementor-col-33 elementor-top-column elementor-element elementor-element-ce22dca\" data-id=\"ce22dca\" data-element_type=\"column\" data-e-type=\"column\">\n\t\t\t<div class=\"elementor-widget-wrap elementor-element-populated\">\n\t\t\t\t\t\t<div class=\"elementor-element elementor-element-871464d elementor-widget elementor-widget-text-editor\" data-id=\"871464d\" data-element_type=\"widget\" data-e-type=\"widget\" data-widget_type=\"text-editor.default\">\n\t\t\t\t<div class=\"elementor-widget-container\">\n\t\t\t\t\t\t\t\t\t<div><p>We are Eylyn and Clotilde, two friends passionate about jewelry and new challenges. We could not find any brand in France offering quality statement pieces. So we created ours.<\/p><\/div><div><p>Our mission: design unique jewelry that instills confidence and elegance in every woman.\u00a0<\/p><p>\u00a0<\/p><\/div><div><p>The name EPLC PARIS comes from our initials, Eylyn Pedron and Lucet Clotilde. We wanted a name that was simple, impactful and understandable in all languages.<\/p><\/div><div><p>We are convinced that EPLC is the jewelry brand you have been waiting for\u00a0<\/p><\/div>\t\t\t\t\t\t\t\t<\/div>\n\t\t\t\t<\/div>\n\t\t\t\t\t<\/div>\n\t\t<\/div>\n\t\t\t\t<div class=\"elementor-column elementor-col-33 elementor-top-column elementor-element elementor-element-0a3d00f\" data-id=\"0a3d00f\" data-element_type=\"column\" data-e-type=\"column\">\n\t\t\t<div class=\"elementor-widget-wrap elementor-element-populated\">\n\t\t\t\t\t\t<div class=\"elementor-element elementor-element-8fa83ee elementor-widget elementor-widget-image\" data-id=\"8fa83ee\" data-element_type=\"widget\" data-e-type=\"widget\" data-widget_type=\"image.default\">\n\t\t\t\t<div class=\"elementor-widget-container\">\n\t\t\t\t\t\t\t\t\t\t\t\t\t\t\t<img decoding=\"async\" width=\"683\" height=\"1024\" src=\"https:\/\/eplcparis.com\/wp-content\/uploads\/2024\/07\/EPLCPARIS-2024-@jenn.elle-43-683x1024.jpg\" class=\"attachment-large size-large wp-image-6109\" alt=\"\" srcset=\"https:\/\/eplcparis.com\/wp-content\/uploads\/2024\/07\/EPLCPARIS-2024-@jenn.elle-43-683x1024.jpg 683w, https:\/\/eplcparis.com\/wp-content\/uploads\/2024\/07\/EPLCPARIS-2024-@jenn.elle-43-200x300.jpg 200w, https:\/\/eplcparis.com\/wp-content\/uploads\/2024\/07\/EPLCPARIS-2024-@jenn.elle-43-768x1152.jpg 768w, https:\/\/eplcparis.com\/wp-content\/uploads\/2024\/07\/EPLCPARIS-2024-@jenn.elle-43-1024x1536.jpg 1024w, https:\/\/eplcparis.com\/wp-content\/uploads\/2024\/07\/EPLCPARIS-2024-@jenn.elle-43-1365x2048.jpg 1365w, https:\/\/eplcparis.com\/wp-content\/uploads\/2024\/07\/EPLCPARIS-2024-@jenn.elle-43-8x12.jpg 8w, https:\/\/eplcparis.com\/wp-content\/uploads\/2024\/07\/EPLCPARIS-2024-@jenn.elle-43-300x450.jpg 300w, https:\/\/eplcparis.com\/wp-content\/uploads\/2024\/07\/EPLCPARIS-2024-@jenn.elle-43-600x900.jpg 600w, https:\/\/eplcparis.com\/wp-content\/uploads\/2024\/07\/EPLCPARIS-2024-@jenn.elle-43-scaled.jpg 1707w\" sizes=\"(max-width: 683px) 100vw, 683px\" \/>\t\t\t\t\t\t\t\t\t\t\t\t\t\t\t<\/div>\n\t\t\t\t<\/div>\n\t\t\t\t\t<\/div>\n\t\t<\/div>\n\t\t\t\t\t<\/div>\n\t\t<\/section>\n\t\t\t\t<section class=\"elementor-section elementor-top-section elementor-element elementor-element-7eed5c0b elementor-section-boxed elementor-section-height-default elementor-section-height-default\" data-id=\"7eed5c0b\" data-element_type=\"section\" data-e-type=\"section\">\n\t\t\t\t\t\t<div class=\"elementor-container elementor-column-gap-default\">\n\t\t\t\t\t<div class=\"elementor-column elementor-col-100 elementor-top-column elementor-element elementor-element-62b0f3d9\" data-id=\"62b0f3d9\" data-element_type=\"column\" data-e-type=\"column\">\n\t\t\t<div class=\"elementor-widget-wrap elementor-element-populated\">\n\t\t\t\t\t\t<section class=\"elementor-section elementor-inner-section elementor-element elementor-element-32fe3fe elementor-section-boxed elementor-section-height-default elementor-section-height-default\" data-id=\"32fe3fe\" data-element_type=\"section\" data-e-type=\"section\">\n\t\t\t\t\t\t<div class=\"elementor-container elementor-column-gap-default\">\n\t\t\t\t\t<div class=\"elementor-column elementor-col-100 elementor-inner-column elementor-element elementor-element-7560aff\" data-id=\"7560aff\" data-element_type=\"column\" data-e-type=\"column\">\n\t\t\t<div class=\"elementor-widget-wrap\">\n\t\t\t\t\t\t\t<\/div>\n\t\t<\/div>\n\t\t\t\t\t<\/div>\n\t\t<\/section>\n\t\t\t\t<div class=\"elementor-element elementor-element-5120b11e elementor-invisible elementor-widget elementor-widget-heading\" data-id=\"5120b11e\" data-element_type=\"widget\" data-e-type=\"widget\" data-settings=\"{&quot;_animation&quot;:&quot;fadeIn&quot;}\" data-widget_type=\"heading.default\">\n\t\t\t\t<div class=\"elementor-widget-container\">\n\t\t\t\t\t<h2 class=\"elementor-heading-title elementor-size-default\">DARE TO BE BOLD<\/h2>\t\t\t\t<\/div>\n\t\t\t\t<\/div>\n\t\t\t\t<div class=\"elementor-element elementor-element-5c3918f elementor-align-center elementor-widget elementor-widget-button\" data-id=\"5c3918f\" data-element_type=\"widget\" data-e-type=\"widget\" data-widget_type=\"button.default\">\n\t\t\t\t<div class=\"elementor-widget-container\">\n\t\t\t\t\t\t\t\t\t<div class=\"elementor-button-wrapper\">\n\t\t\t\t\t<a class=\"elementor-button elementor-button-link elementor-size-sm\" href=\"https:\/\/eplcparis.com\/en\/e-shop\/\">\n\t\t\t\t\t\t<span class=\"elementor-button-content-wrapper\">\n\t\t\t\t\t\t\t\t\t<span class=\"elementor-button-text\">DISCOVER OUR UNIQUE PIECES<\/span>\n\t\t\t\t\t<\/span>\n\t\t\t\t\t<\/a>\n\t\t\t\t<\/div>\n\t\t\t\t\t\t\t\t<\/div>\n\t\t\t\t<\/div>\n\t\t\t\t\t<\/div>\n\t\t<\/div>\n\t\t\t\t\t<\/div>\n\t\t<\/section>\n\t\t\t\t<\/div>","protected":false},"excerpt":{"rendered":"<p>Notre histoire Nous sommes Eylyn et Clotilde, deux amies passionn\u00e9es de bijoux et de nouveaux d\u00e9fis. Nous ne trouvions aucune marque en France proposant des pi\u00e8ces \u00e0 la fois de caract\u00e8re et de qualit\u00e9. Nous avons donc cr\u00e9\u00e9 la notre. Notre mission : concevoir des bijoux uniques qui insufflent confiance et \u00e9l\u00e9gance \u00e0 chaque femme.\u00a0&#8230;<\/p>","protected":false},"author":3,"featured_media":0,"parent":0,"menu_order":0,"comment_status":"closed","ping_status":"closed","template":"","meta":{"_acf_changed":false,"_mo_disable_npp":"","_kad_post_transparent":"","_kad_post_title":"hide","_kad_post_layout":"fullwidth","_kad_post_sidebar_id":"","_kad_post_content_style":"unboxed","_kad_post_vertical_padding":"hide","_kad_post_feature":"hide","_kad_post_feature_position":"","_kad_post_header":false,"_kad_post_footer":false,"footnotes":""},"class_list":["post-60","page","type-page","status-publish","hentry"],"acf":[],"_links":{"self":[{"href":"https:\/\/eplcparis.com\/en\/wp-json\/wp\/v2\/pages\/60","targetHints":{"allow":["GET"]}}],"collection":[{"href":"https:\/\/eplcparis.com\/en\/wp-json\/wp\/v2\/pages"}],"about":[{"href":"https:\/\/eplcparis.com\/en\/wp-json\/wp\/v2\/types\/page"}],"author":[{"embeddable":true,"href":"https:\/\/eplcparis.com\/en\/wp-json\/wp\/v2\/users\/3"}],"replies":[{"embeddable":true,"href":"https:\/\/eplcparis.com\/en\/wp-json\/wp\/v2\/comments?post=60"}],"version-history":[{"count":94,"href":"https:\/\/eplcparis.com\/en\/wp-json\/wp\/v2\/pages\/60\/revisions"}],"predecessor-version":[{"id":6661,"href":"https:\/\/eplcparis.com\/en\/wp-json\/wp\/v2\/pages\/60\/revisions\/6661"}],"wp:attachment":[{"href":"https:\/\/eplcparis.com\/en\/wp-json\/wp\/v2\/media?parent=60"}],"curies":[{"name":"wp","href":"https:\/\/api.w.org\/{rel}","templated":true}]}}