{"id":290,"date":"2023-02-22T08:21:37","date_gmt":"2023-02-22T08:21:37","guid":{"rendered":"https:\/\/eplcparis.w3inventor.digital\/?page_id=290"},"modified":"2024-08-22T09:21:31","modified_gmt":"2024-08-22T09:21:31","slug":"mention-legale","status":"publish","type":"page","link":"https:\/\/eplcparis.com\/en\/mention-legale\/","title":{"rendered":"Legal notice"},"content":{"rendered":"<div data-elementor-type=\"wp-page\" data-elementor-id=\"290\" class=\"elementor elementor-290\" data-elementor-post-type=\"page\">\n\t\t\t\t\t\t<section class=\"elementor-section elementor-top-section elementor-element elementor-element-d8221e6 elementor-section-boxed elementor-section-height-default elementor-section-height-default\" data-id=\"d8221e6\" data-element_type=\"section\" data-e-type=\"section\">\n\t\t\t\t\t\t<div class=\"elementor-container elementor-column-gap-default\">\n\t\t\t\t\t<div class=\"elementor-column elementor-col-100 elementor-top-column elementor-element elementor-element-bb02c18\" data-id=\"bb02c18\" data-element_type=\"column\" data-e-type=\"column\">\n\t\t\t<div class=\"elementor-widget-wrap elementor-element-populated\">\n\t\t\t\t\t\t<div class=\"elementor-element elementor-element-bbbacdd elementor-widget elementor-widget-heading\" data-id=\"bbbacdd\" data-element_type=\"widget\" data-e-type=\"widget\" data-widget_type=\"heading.default\">\n\t\t\t\t<div class=\"elementor-widget-container\">\n\t\t\t\t\t<h2 class=\"elementor-heading-title elementor-size-default\">Legal Notice<\/h2>\t\t\t\t<\/div>\n\t\t\t\t<\/div>\n\t\t\t\t<div class=\"elementor-element elementor-element-0ca6d92 elementor-widget elementor-widget-text-editor\" data-id=\"0ca6d92\" data-element_type=\"widget\" data-e-type=\"widget\" data-widget_type=\"text-editor.default\">\n\t\t\t\t<div class=\"elementor-widget-container\">\n\t\t\t\t\t\t\t\t\t<p>This website https:\/\/www.eplcparis.com is the property of the individual entrepreneur Clotilde Lucet, whose head office is located at 2 rue Jean Dussourd, 92600 Asni\u00e8res sur Seine, registered under number 907 930 804, number de TVA FR 269 079 30804, telephone 06 17 69 70 99, email address hiyou@eplcparis.com.<\/p><p>The director of the publication is Mrs. Lucet Clotilde having the quality of EPLC PARIS Founder.<br \/><br \/><\/p><p>Information relating Web Hosting Provider :  The hosting of this site is provided by the company HOSTINGER INTERNATIONAL LTD, whose head office is located <b>61 Lordou Vironos Street, 6023 Larnaca, Chypre<\/b>, reachable at https:\/\/www.hostinger.fr\/contact.<\/p>\t\t\t\t\t\t\t\t<\/div>\n\t\t\t\t<\/div>\n\t\t\t\t\t<\/div>\n\t\t<\/div>\n\t\t\t\t\t<\/div>\n\t\t<\/section>\n\t\t\t\t<\/div>","protected":false},"excerpt":{"rendered":"<p>Mentions l\u00e9gales Le pr\u00e9sent site Internet https:\/\/www.eplcparis.com est la propri\u00e9t\u00e9 de l\u2019entrepreneur individuel Clotilde Lucet, dont le si\u00e8ge social est situ\u00e9 au 2 rue Jean Dussourd, 92600 Asni\u00e8res sur Seine, immatricul\u00e9e sous le num\u00e9ro 907 930 804, num\u00e9ro de TVA FR 269 079 30804, t\u00e9l\u00e9phone 06 17 69 70 99, adresse courriel hiyou@eplcparis.com. La directrice&#8230;<\/p>","protected":false},"author":3,"featured_media":0,"parent":0,"menu_order":0,"comment_status":"closed","ping_status":"closed","template":"","meta":{"_acf_changed":false,"_mo_disable_npp":"","_kad_post_transparent":"","_kad_post_title":"hide","_kad_post_layout":"fullwidth","_kad_post_sidebar_id":"","_kad_post_content_style":"unboxed","_kad_post_vertical_padding":"hide","_kad_post_feature":"hide","_kad_post_feature_position":"","_kad_post_header":false,"_kad_post_footer":false,"footnotes":""},"class_list":["post-290","page","type-page","status-publish","hentry"],"acf":[],"_links":{"self":[{"href":"https:\/\/eplcparis.com\/en\/wp-json\/wp\/v2\/pages\/290","targetHints":{"allow":["GET"]}}],"collection":[{"href":"https:\/\/eplcparis.com\/en\/wp-json\/wp\/v2\/pages"}],"about":[{"href":"https:\/\/eplcparis.com\/en\/wp-json\/wp\/v2\/types\/page"}],"author":[{"embeddable":true,"href":"https:\/\/eplcparis.com\/en\/wp-json\/wp\/v2\/users\/3"}],"replies":[{"embeddable":true,"href":"https:\/\/eplcparis.com\/en\/wp-json\/wp\/v2\/comments?post=290"}],"version-history":[{"count":4,"href":"https:\/\/eplcparis.com\/en\/wp-json\/wp\/v2\/pages\/290\/revisions"}],"predecessor-version":[{"id":7031,"href":"https:\/\/eplcparis.com\/en\/wp-json\/wp\/v2\/pages\/290\/revisions\/7031"}],"wp:attachment":[{"href":"https:\/\/eplcparis.com\/en\/wp-json\/wp\/v2\/media?parent=290"}],"curies":[{"name":"wp","href":"https:\/\/api.w.org\/{rel}","templated":true}]}}